{"id":40,"date":"2021-03-10T09:29:15","date_gmt":"2021-03-10T09:29:15","guid":{"rendered":"https:\/\/www.demoapus-wp1.com\/superio-import2\/?page_id=40"},"modified":"2022-06-16T21:23:25","modified_gmt":"2022-06-16T21:23:25","slug":"hakkimizda","status":"publish","type":"page","link":"https:\/\/kariyer.ormuh.org.tr\/index.php\/hakkimizda\/","title":{"rendered":"Hakk\u0131m\u0131zda"},"content":{"rendered":"\t\t<div data-elementor-type=\"wp-page\" data-elementor-id=\"40\" class=\"elementor elementor-40\">\n\t\t\t\t\t\t\t\t\t<section class=\"elementor-section elementor-top-section elementor-element elementor-element-9488ef4 elementor-section-stretched elementor-section-boxed elementor-section-height-default elementor-section-height-default\" data-id=\"9488ef4\" data-element_type=\"section\" data-settings=\"{&quot;stretch_section&quot;:&quot;section-stretched&quot;}\">\n\t\t\t\t\t\t<div class=\"elementor-container elementor-column-gap-narrow\">\n\t\t\t\t\t<div class=\"elementor-column elementor-col-25 elementor-top-column elementor-element elementor-element-bb09123\" data-id=\"bb09123\" data-element_type=\"column\">\n\t\t\t<div class=\"elementor-widget-wrap elementor-element-populated\">\n\t\t\t\t\t\t\t\t<div class=\"elementor-element elementor-element-d7f888e elementor-widget elementor-widget-image\" data-id=\"d7f888e\" data-element_type=\"widget\" data-widget_type=\"image.default\">\n\t\t\t\t<div class=\"elementor-widget-container\">\n\t\t\t<style>\/*! elementor - v3.7.1 - 14-08-2022 *\/\n.elementor-widget-image{text-align:center}.elementor-widget-image a{display:inline-block}.elementor-widget-image a img[src$=\".svg\"]{width:48px}.elementor-widget-image img{vertical-align:middle;display:inline-block}<\/style>\t\t\t\t\t\t\t\t\t\t\t\t\t<a href=\"https:\/\/www.demoapus-wp1.com\/superio-import2\/wp-content\/uploads\/2021\/03\/g1.jpg\" data-elementor-open-lightbox=\"yes\" data-elementor-lightbox-title=\"g1\" e-action-hash=\"#elementor-action%3Aaction%3Dlightbox%26settings%3DeyJpZCI6ODU4LCJ1cmwiOiJodHRwczpcL1wva2FyaXllci5vcm11aC5vcmcudHJcL3dwLWNvbnRlbnRcL3VwbG9hZHNcLzIwMjFcLzAzXC9nMS5qcGcifQ%3D%3D\">\n\t\t\t\t\t\t\t<img width=\"315\" height=\"400\" src=\"https:\/\/kariyer.ormuh.org.tr\/evezeedr\/2021\/03\/g1.jpg\" class=\"attachment-full size-full\" alt=\"\" loading=\"lazy\" srcset=\"https:\/\/kariyer.ormuh.org.tr\/evezeedr\/2021\/03\/g1.jpg 315w, https:\/\/kariyer.ormuh.org.tr\/evezeedr\/2021\/03\/g1-236x300.jpg 236w\" sizes=\"(max-width: 315px) 100vw, 315px\" \/>\t\t\t\t\t\t\t\t<\/a>\n\t\t\t\t\t\t\t\t\t\t\t\t\t\t\t<\/div>\n\t\t\t\t<\/div>\n\t\t\t\t\t<\/div>\n\t\t<\/div>\n\t\t\t\t<div class=\"elementor-column elementor-col-25 elementor-top-column elementor-element elementor-element-00c8e70\" data-id=\"00c8e70\" data-element_type=\"column\">\n\t\t\t<div class=\"elementor-widget-wrap elementor-element-populated\">\n\t\t\t\t\t\t\t\t<div class=\"elementor-element elementor-element-8770b90 elementor-widget elementor-widget-image\" data-id=\"8770b90\" data-element_type=\"widget\" data-widget_type=\"image.default\">\n\t\t\t\t<div class=\"elementor-widget-container\">\n\t\t\t\t\t\t\t\t\t\t\t\t\t\t\t\t<a href=\"https:\/\/www.demoapus-wp1.com\/superio-import2\/wp-content\/uploads\/2021\/03\/g5.jpg\" data-elementor-open-lightbox=\"yes\" data-elementor-lightbox-title=\"g5\" e-action-hash=\"#elementor-action%3Aaction%3Dlightbox%26settings%3DeyJpZCI6ODYyLCJ1cmwiOiJodHRwczpcL1wva2FyaXllci5vcm11aC5vcmcudHJcL3dwLWNvbnRlbnRcL3VwbG9hZHNcLzIwMjFcLzAzXC9nNS5qcGcifQ%3D%3D\">\n\t\t\t\t\t\t\t<img width=\"315\" height=\"150\" src=\"https:\/\/kariyer.ormuh.org.tr\/evezeedr\/2021\/03\/g5.jpg\" class=\"attachment-full size-full\" alt=\"\" loading=\"lazy\" srcset=\"https:\/\/kariyer.ormuh.org.tr\/evezeedr\/2021\/03\/g5.jpg 315w, https:\/\/kariyer.ormuh.org.tr\/evezeedr\/2021\/03\/g5-300x143.jpg 300w\" sizes=\"(max-width: 315px) 100vw, 315px\" \/>\t\t\t\t\t\t\t\t<\/a>\n\t\t\t\t\t\t\t\t\t\t\t\t\t\t\t<\/div>\n\t\t\t\t<\/div>\n\t\t\t\t<div class=\"elementor-element elementor-element-b248e7d elementor-widget elementor-widget-image\" data-id=\"b248e7d\" data-element_type=\"widget\" data-widget_type=\"image.default\">\n\t\t\t\t<div class=\"elementor-widget-container\">\n\t\t\t\t\t\t\t\t\t\t\t\t\t\t\t\t<a href=\"https:\/\/www.demoapus-wp1.com\/superio-import2\/wp-content\/uploads\/2021\/03\/g3.jpg\" data-elementor-open-lightbox=\"yes\" data-elementor-lightbox-title=\"g3\" e-action-hash=\"#elementor-action%3Aaction%3Dlightbox%26settings%3DeyJpZCI6ODYwLCJ1cmwiOiJodHRwczpcL1wva2FyaXllci5vcm11aC5vcmcudHJcL3dwLWNvbnRlbnRcL3VwbG9hZHNcLzIwMjFcLzAzXC9nMy5qcGcifQ%3D%3D\">\n\t\t\t\t\t\t\t<img width=\"315\" height=\"240\" src=\"https:\/\/kariyer.ormuh.org.tr\/evezeedr\/2021\/03\/g3.jpg\" class=\"attachment-full size-full\" alt=\"\" loading=\"lazy\" srcset=\"https:\/\/kariyer.ormuh.org.tr\/evezeedr\/2021\/03\/g3.jpg 315w, https:\/\/kariyer.ormuh.org.tr\/evezeedr\/2021\/03\/g3-300x229.jpg 300w\" sizes=\"(max-width: 315px) 100vw, 315px\" \/>\t\t\t\t\t\t\t\t<\/a>\n\t\t\t\t\t\t\t\t\t\t\t\t\t\t\t<\/div>\n\t\t\t\t<\/div>\n\t\t\t\t\t<\/div>\n\t\t<\/div>\n\t\t\t\t<div class=\"elementor-column elementor-col-25 elementor-top-column elementor-element elementor-element-9af2fcf\" data-id=\"9af2fcf\" data-element_type=\"column\">\n\t\t\t<div class=\"elementor-widget-wrap elementor-element-populated\">\n\t\t\t\t\t\t\t\t<div class=\"elementor-element elementor-element-29e5317 elementor-widget elementor-widget-image\" data-id=\"29e5317\" data-element_type=\"widget\" data-widget_type=\"image.default\">\n\t\t\t\t<div class=\"elementor-widget-container\">\n\t\t\t\t\t\t\t\t\t\t\t\t\t\t\t\t<a href=\"https:\/\/www.demoapus-wp1.com\/superio-import2\/wp-content\/uploads\/2021\/03\/g4.jpg\" data-elementor-open-lightbox=\"yes\" data-elementor-lightbox-title=\"g4\" e-action-hash=\"#elementor-action%3Aaction%3Dlightbox%26settings%3DeyJpZCI6ODYxLCJ1cmwiOiJodHRwczpcL1wva2FyaXllci5vcm11aC5vcmcudHJcL3dwLWNvbnRlbnRcL3VwbG9hZHNcLzIwMjFcLzAzXC9nNC5qcGcifQ%3D%3D\">\n\t\t\t\t\t\t\t<img width=\"315\" height=\"220\" src=\"https:\/\/kariyer.ormuh.org.tr\/evezeedr\/2021\/03\/g4.jpg\" class=\"attachment-full size-full\" alt=\"\" loading=\"lazy\" srcset=\"https:\/\/kariyer.ormuh.org.tr\/evezeedr\/2021\/03\/g4.jpg 315w, https:\/\/kariyer.ormuh.org.tr\/evezeedr\/2021\/03\/g4-300x210.jpg 300w\" sizes=\"(max-width: 315px) 100vw, 315px\" \/>\t\t\t\t\t\t\t\t<\/a>\n\t\t\t\t\t\t\t\t\t\t\t\t\t\t\t<\/div>\n\t\t\t\t<\/div>\n\t\t\t\t<div class=\"elementor-element elementor-element-8c57bfa elementor-widget elementor-widget-image\" data-id=\"8c57bfa\" data-element_type=\"widget\" data-widget_type=\"image.default\">\n\t\t\t\t<div class=\"elementor-widget-container\">\n\t\t\t\t\t\t\t\t\t\t\t\t\t\t\t\t<a href=\"https:\/\/www.demoapus-wp1.com\/superio-import2\/wp-content\/uploads\/2021\/03\/g6.jpg\" data-elementor-open-lightbox=\"yes\" data-elementor-lightbox-title=\"g6\" e-action-hash=\"#elementor-action%3Aaction%3Dlightbox%26settings%3DeyJpZCI6ODYzLCJ1cmwiOiJodHRwczpcL1wva2FyaXllci5vcm11aC5vcmcudHJcL3dwLWNvbnRlbnRcL3VwbG9hZHNcLzIwMjFcLzAzXC9nNi5qcGcifQ%3D%3D\">\n\t\t\t\t\t\t\t<img width=\"315\" height=\"170\" src=\"https:\/\/kariyer.ormuh.org.tr\/evezeedr\/2021\/03\/g6.jpg\" class=\"attachment-full size-full\" alt=\"\" loading=\"lazy\" srcset=\"https:\/\/kariyer.ormuh.org.tr\/evezeedr\/2021\/03\/g6.jpg 315w, https:\/\/kariyer.ormuh.org.tr\/evezeedr\/2021\/03\/g6-300x162.jpg 300w\" sizes=\"(max-width: 315px) 100vw, 315px\" \/>\t\t\t\t\t\t\t\t<\/a>\n\t\t\t\t\t\t\t\t\t\t\t\t\t\t\t<\/div>\n\t\t\t\t<\/div>\n\t\t\t\t\t<\/div>\n\t\t<\/div>\n\t\t\t\t<div class=\"elementor-column elementor-col-25 elementor-top-column elementor-element elementor-element-4458324\" data-id=\"4458324\" data-element_type=\"column\">\n\t\t\t<div class=\"elementor-widget-wrap elementor-element-populated\">\n\t\t\t\t\t\t\t\t<div class=\"elementor-element elementor-element-09df5c9 elementor-widget elementor-widget-image\" data-id=\"09df5c9\" data-element_type=\"widget\" data-widget_type=\"image.default\">\n\t\t\t\t<div class=\"elementor-widget-container\">\n\t\t\t\t\t\t\t\t\t\t\t\t\t\t\t\t<a href=\"https:\/\/www.demoapus-wp1.com\/superio-import2\/wp-content\/uploads\/2021\/03\/g2.jpg\" data-elementor-open-lightbox=\"yes\" data-elementor-lightbox-title=\"g2\" e-action-hash=\"#elementor-action%3Aaction%3Dlightbox%26settings%3DeyJpZCI6ODU5LCJ1cmwiOiJodHRwczpcL1wva2FyaXllci5vcm11aC5vcmcudHJcL3dwLWNvbnRlbnRcL3VwbG9hZHNcLzIwMjFcLzAzXC9nMi5qcGcifQ%3D%3D\">\n\t\t\t\t\t\t\t<img width=\"315\" height=\"400\" src=\"https:\/\/kariyer.ormuh.org.tr\/evezeedr\/2021\/03\/g2.jpg\" class=\"attachment-full size-full\" alt=\"\" loading=\"lazy\" srcset=\"https:\/\/kariyer.ormuh.org.tr\/evezeedr\/2021\/03\/g2.jpg 315w, https:\/\/kariyer.ormuh.org.tr\/evezeedr\/2021\/03\/g2-236x300.jpg 236w\" sizes=\"(max-width: 315px) 100vw, 315px\" \/>\t\t\t\t\t\t\t\t<\/a>\n\t\t\t\t\t\t\t\t\t\t\t\t\t\t\t<\/div>\n\t\t\t\t<\/div>\n\t\t\t\t\t<\/div>\n\t\t<\/div>\n\t\t\t\t\t\t\t<\/div>\n\t\t<\/section>\n\t\t\t\t<section class=\"elementor-section elementor-top-section elementor-element elementor-element-d1d543b elementor-section-stretched elementor-section-boxed elementor-section-height-default elementor-section-height-default\" data-id=\"d1d543b\" data-element_type=\"section\" data-settings=\"{&quot;stretch_section&quot;:&quot;section-stretched&quot;}\">\n\t\t\t\t\t\t<div class=\"elementor-container elementor-column-gap-extended\">\n\t\t\t\t\t<div class=\"elementor-column elementor-col-33 elementor-top-column elementor-element elementor-element-2419191\" data-id=\"2419191\" data-element_type=\"column\">\n\t\t\t<div class=\"elementor-widget-wrap elementor-element-populated\">\n\t\t\t\t\t\t\t\t<div class=\"elementor-element elementor-element-77b09c2 elementor-widget elementor-widget-counter\" data-id=\"77b09c2\" data-element_type=\"widget\" data-widget_type=\"counter.default\">\n\t\t\t\t<div class=\"elementor-widget-container\">\n\t\t\t<style>\/*! elementor - v3.7.1 - 14-08-2022 *\/\n.elementor-counter .elementor-counter-number-wrapper{display:-webkit-box;display:-ms-flexbox;display:flex;font-size:69px;font-weight:600;line-height:1}.elementor-counter .elementor-counter-number-prefix,.elementor-counter .elementor-counter-number-suffix{-webkit-box-flex:1;-ms-flex-positive:1;flex-grow:1;white-space:pre-wrap}.elementor-counter .elementor-counter-number-prefix{text-align:right}.elementor-counter .elementor-counter-number-suffix{text-align:left}.elementor-counter .elementor-counter-title{text-align:center;font-size:19px;font-weight:400;line-height:2.5}<\/style>\t\t<div class=\"elementor-counter\">\n\t\t\t<div class=\"elementor-counter-number-wrapper\">\n\t\t\t\t<span class=\"elementor-counter-number-prefix\"><\/span>\n\t\t\t\t<span class=\"elementor-counter-number\" data-duration=\"1000\" data-to-value=\"49\" data-from-value=\"0\" data-delimiter=\",\">0<\/span>\n\t\t\t\t<span class=\"elementor-counter-number-suffix\">.<\/span>\n\t\t\t<\/div>\n\t\t\t\t\t\t\t<div class=\"elementor-counter-title\">D\u00f6nem <\/div>\n\t\t\t\t\t<\/div>\n\t\t\t\t<\/div>\n\t\t\t\t<\/div>\n\t\t\t\t\t<\/div>\n\t\t<\/div>\n\t\t\t\t<div class=\"elementor-column elementor-col-33 elementor-top-column elementor-element elementor-element-b9d61a6\" data-id=\"b9d61a6\" data-element_type=\"column\">\n\t\t\t<div class=\"elementor-widget-wrap elementor-element-populated\">\n\t\t\t\t\t\t\t\t<div class=\"elementor-element elementor-element-2c8b56e elementor-widget elementor-widget-counter\" data-id=\"2c8b56e\" data-element_type=\"widget\" data-widget_type=\"counter.default\">\n\t\t\t\t<div class=\"elementor-widget-container\">\n\t\t\t\t\t<div class=\"elementor-counter\">\n\t\t\t<div class=\"elementor-counter-number-wrapper\">\n\t\t\t\t<span class=\"elementor-counter-number-prefix\"><\/span>\n\t\t\t\t<span class=\"elementor-counter-number\" data-duration=\"1000\" data-to-value=\"100\" data-from-value=\"0\" data-delimiter=\",\">0<\/span>\n\t\t\t\t<span class=\"elementor-counter-number-suffix\">+<\/span>\n\t\t\t<\/div>\n\t\t\t\t\t\t\t<div class=\"elementor-counter-title\">100' \u00fcn \u00fczerinde a\u00e7\u0131k pozisyon<\/div>\n\t\t\t\t\t<\/div>\n\t\t\t\t<\/div>\n\t\t\t\t<\/div>\n\t\t\t\t\t<\/div>\n\t\t<\/div>\n\t\t\t\t<div class=\"elementor-column elementor-col-33 elementor-top-column elementor-element elementor-element-e648f7b\" data-id=\"e648f7b\" data-element_type=\"column\">\n\t\t\t<div class=\"elementor-widget-wrap elementor-element-populated\">\n\t\t\t\t\t\t\t\t<div class=\"elementor-element elementor-element-0a92978 elementor-widget elementor-widget-counter\" data-id=\"0a92978\" data-element_type=\"widget\" data-widget_type=\"counter.default\">\n\t\t\t\t<div class=\"elementor-widget-container\">\n\t\t\t\t\t<div class=\"elementor-counter\">\n\t\t\t<div class=\"elementor-counter-number-wrapper\">\n\t\t\t\t<span class=\"elementor-counter-number-prefix\"><\/span>\n\t\t\t\t<span class=\"elementor-counter-number\" data-duration=\"1000\" data-to-value=\"67\" data-from-value=\"0\" data-delimiter=\",\">0<\/span>\n\t\t\t\t<span class=\"elementor-counter-number-suffix\"> Y\u0131l<\/span>\n\t\t\t<\/div>\n\t\t\t\t\t\t\t<div class=\"elementor-counter-title\">1954 Y\u0131l\u0131n\u0131ndan Bug\u00fcne<\/div>\n\t\t\t\t\t<\/div>\n\t\t\t\t<\/div>\n\t\t\t\t<\/div>\n\t\t\t\t\t<\/div>\n\t\t<\/div>\n\t\t\t\t\t\t\t<\/div>\n\t\t<\/section>\n\t\t\t\t<section class=\"elementor-section elementor-top-section elementor-element elementor-element-b349c76 elementor-section-stretched elementor-section-boxed elementor-section-height-default elementor-section-height-default\" data-id=\"b349c76\" data-element_type=\"section\" data-settings=\"{&quot;stretch_section&quot;:&quot;section-stretched&quot;}\">\n\t\t\t\t\t\t<div class=\"elementor-container elementor-column-gap-extended\">\n\t\t\t\t\t<div class=\"elementor-column elementor-col-100 elementor-top-column elementor-element elementor-element-1d99470\" data-id=\"1d99470\" data-element_type=\"column\">\n\t\t\t<div class=\"elementor-widget-wrap elementor-element-populated\">\n\t\t\t\t\t\t\t\t<div class=\"elementor-element elementor-element-d42aa63 elementor-widget elementor-widget-heading\" data-id=\"d42aa63\" data-element_type=\"widget\" data-widget_type=\"heading.default\">\n\t\t\t\t<div class=\"elementor-widget-container\">\n\t\t\t<style>\/*! elementor - v3.7.1 - 14-08-2022 *\/\n.elementor-heading-title{padding:0;margin:0;line-height:1}.elementor-widget-heading .elementor-heading-title[class*=elementor-size-]>a{color:inherit;font-size:inherit;line-height:inherit}.elementor-widget-heading .elementor-heading-title.elementor-size-small{font-size:15px}.elementor-widget-heading .elementor-heading-title.elementor-size-medium{font-size:19px}.elementor-widget-heading .elementor-heading-title.elementor-size-large{font-size:29px}.elementor-widget-heading .elementor-heading-title.elementor-size-xl{font-size:39px}.elementor-widget-heading .elementor-heading-title.elementor-size-xxl{font-size:59px}<\/style><h2 class=\"elementor-heading-title elementor-size-default\">Orman M\u00fchendisleri Odas\u0131<\/h2>\t\t<\/div>\n\t\t\t\t<\/div>\n\t\t\t\t<div class=\"elementor-element elementor-element-f4dc3d8 elementor-widget elementor-widget-text-editor\" data-id=\"f4dc3d8\" data-element_type=\"widget\" data-widget_type=\"text-editor.default\">\n\t\t\t\t<div class=\"elementor-widget-container\">\n\t\t\t<style>\/*! elementor - v3.7.1 - 14-08-2022 *\/\n.elementor-widget-text-editor.elementor-drop-cap-view-stacked .elementor-drop-cap{background-color:#818a91;color:#fff}.elementor-widget-text-editor.elementor-drop-cap-view-framed .elementor-drop-cap{color:#818a91;border:3px solid;background-color:transparent}.elementor-widget-text-editor:not(.elementor-drop-cap-view-default) .elementor-drop-cap{margin-top:8px}.elementor-widget-text-editor:not(.elementor-drop-cap-view-default) .elementor-drop-cap-letter{width:1em;height:1em}.elementor-widget-text-editor .elementor-drop-cap{float:left;text-align:center;line-height:1;font-size:50px}.elementor-widget-text-editor .elementor-drop-cap-letter{display:inline-block}<\/style>\t\t\t\t<p>1857 y\u0131l\u0131nda, Fransa\u2019dan gelen ormanc\u0131l\u0131k uzmanlar\u0131n\u0131n \u00e7al\u0131\u015fmalar\u0131 sonucunda \u2018\u2019Orman Okulu\u2019\u2019nun a\u00e7\u0131lmas\u0131yla Orman M\u00fchendisli\u011fi mesle\u011fi bir asr\u0131 ge\u00e7en bir ge\u00e7mi\u015fe sahip olmu\u015ftur.1948 y\u0131l\u0131nda \u00f6n s\u0131n\u0131flar\u0131 Ankara\u2019da, son s\u0131n\u0131flar\u0131 \u0130stanbul\u2019da bulunan Orman Fak\u00fcltesi t\u00fcm\u00fc ile \u0130stanbul \u00dcniversitesine ba\u011flanarak, \u0130stanbul \u00dcniversitesi Orman Fak\u00fcltesi ad\u0131n\u0131 alm\u0131\u015ft\u0131r. O d\u00f6nemlerde \u00f6\u011fretim olanaklar\u0131n\u0131n artmas\u0131 ile birlikte 1971 y\u0131l\u0131nda Orman Fak\u00fcltesine bir ikincisi daha eklenerek Karadeniz Teknik \u00dcniversitesi Orman Fak\u00fcltesi kurulmu\u015ftur. E\u011fitim yelpazesinin geni\u015flemesi ile Orman M\u00fchendisli\u011fi, Orman End\u00fcstri M\u00fchendisli\u011fi ve A\u011fa\u00e7 \u0130\u015fleri End\u00fcstri M\u00fchendisli\u011fini b\u00fcnyesinde bulunduran g\u00fcn\u00fcm\u00fczde 12 adet Orman Fak\u00fcltesi ve 5 adet Teknoloji Fak\u00fcltesi ile mezun vermeye devam etmektedir.<br \/>1954 y\u0131l\u0131nda 7303 say\u0131l\u0131 kanun ve 6235 say\u0131l\u0131 kanunla de\u011fi\u015fik 66 ve 85 say\u0131l\u0131 Kanun H\u00fckm\u00fcnde Kararname ile T\u00fcrk Mimar M\u00fchendis Odalar\u0131 Birli\u011fi\u2019nin kurulmas\u0131yla birlikte 18-22 Ekim 1954 tarihinde toplanan 1. Genel Kurul karar\u0131 sonucunda Orman M\u00fchendisleri Odas\u0131 kurulmu\u015ftur. Orman M\u00fchendisleri Odas\u0131, Orman M\u00fchendisi, Orman End\u00fcstri M\u00fchendisi ve A\u011fa\u00e7 \u0130\u015fleri End\u00fcstri M\u00fchendislerini bir \u00e7at\u0131 alt\u0131nda toplayan t\u00fczel ki\u015fili\u011fe sahip bir kurulu\u015ftur. Merkezi Ankara\u2019dad\u0131r.<\/p><p>48. Ola\u011fan Genel Kurul sonucunda 13 olan \u015fube say\u0131s\u0131 15 \u2018e \u00e7\u0131kart\u0131lm\u0131\u015ft\u0131r.<\/p>\t\t\t\t\t\t<\/div>\n\t\t\t\t<\/div>\n\t\t\t\t<div class=\"elementor-element elementor-element-455cbd6 elementor-widget elementor-widget-text-editor\" data-id=\"455cbd6\" data-element_type=\"widget\" data-widget_type=\"text-editor.default\">\n\t\t\t\t<div class=\"elementor-widget-container\">\n\t\t\t\t\t\t\t<p>Yukar\u0131da a\u00e7\u0131klanan geli\u015fmelerin yan\u0131nda, zaman i\u00e7erisinde Orman M\u00fchendislerinin g\u00f6revleri de artm\u0131\u015f ve sorumluluk alanlar\u0131 geni\u015flemi\u015ftir. Orman rejimi i\u00e7indeki alanlar \u00dclke y\u00fczeyinin %27,8&#8217;ini kaplamaktad\u0131r. 2873 say\u0131l\u0131 Milli Parklar Kanunu, 4122 say\u0131l\u0131 Milli A\u011fa\u00e7land\u0131rma ve Erozyon Kontrol\u00fc Seferberlik Kanunu, 4342 say\u0131l\u0131 Mera Kanunu ve 4915 say\u0131l\u0131 Kara Avc\u0131l\u0131\u011f\u0131 Kanunu&#8217;nun orman idaresine ve a\u011f\u0131rl\u0131kl\u0131 olarak orman m\u00fchendislerine y\u00fckledi\u011fi g\u00f6rev ve sorumluluklar d\u00fc\u015f\u00fcn\u00fcld\u00fc\u011f\u00fcnde; hem ormanc\u0131l\u0131k mesle\u011finin i\u00e7inde kalan yetki ve sorumluluklar\u0131n \u00e7ok b\u00fcy\u00fck bir \u00e7e\u015fitlenme g\u00f6sterdi\u011fi, hem de Orman M\u00fchendislerinin g\u00f6rev alan\u0131n\u0131n hemen hemen \u00dclkemizin tamam\u0131n\u0131 kapsad\u0131\u011f\u0131 g\u00f6r\u00fclmektedir. T\u00fcrkiye&#8217;nin taraf oldu\u011fu, \u00e7evrenin ve do\u011fal kaynaklar\u0131n, \u00f6zellikle flora ve faunan\u0131n korunmas\u0131na ve ticaretine ili\u015fkin uluslararas\u0131 s\u00f6zle\u015fmeler de meslekta\u015flar\u0131m\u0131z\u0131n g\u00f6revlerini \u00e7o\u011faltmakta ve sorumluluk alanlar\u0131n\u0131 geni\u015fletmektedir.<\/p><p>Orman M\u00fchendisleri Odas\u0131 yukar\u0131da a\u00e7\u0131klanan bu g\u00f6rev ve sorumluluklar \u0131\u015f\u0131\u011f\u0131nda ormanc\u0131l\u0131k sekt\u00f6r\u00fcndeki meslekta\u015flar\u0131m\u0131z\u0131n kazan\u0131lm\u0131\u015f haklar\u0131n\u0131 koruyarak ve yeni haklar\u0131n olu\u015fumunu sa\u011flayarak her zaman her platformda mesle\u011fimizin ve meslekta\u015flar\u0131m\u0131z\u0131n yan\u0131nda olmu\u015ftur.<\/p>\t\t\t\t\t\t<\/div>\n\t\t\t\t<\/div>\n\t\t\t\t\t<\/div>\n\t\t<\/div>\n\t\t\t\t\t\t\t<\/div>\n\t\t<\/section>\n\t\t\t\t<section class=\"elementor-section elementor-top-section elementor-element elementor-element-85068ec elementor-section-stretched elementor-section-boxed elementor-section-height-default elementor-section-height-default\" data-id=\"85068ec\" data-element_type=\"section\" data-settings=\"{&quot;stretch_section&quot;:&quot;section-stretched&quot;,&quot;background_background&quot;:&quot;classic&quot;}\">\n\t\t\t\t\t\t<div class=\"elementor-container elementor-column-gap-extended\">\n\t\t\t\t\t<div class=\"elementor-column elementor-col-100 elementor-top-column elementor-element elementor-element-bcbb5a8\" data-id=\"bcbb5a8\" data-element_type=\"column\">\n\t\t\t<div class=\"elementor-widget-wrap elementor-element-populated\">\n\t\t\t\t\t\t\t\t<div class=\"elementor-element elementor-element-ca3e560 elementor-widget elementor-widget-heading\" data-id=\"ca3e560\" data-element_type=\"widget\" data-widget_type=\"heading.default\">\n\t\t\t\t<div class=\"elementor-widget-container\">\n\t\t\t<h2 class=\"elementor-heading-title elementor-size-default\">TMMOB Orman M\u00fchendisleri Odas\u0131<\/h2>\t\t<\/div>\n\t\t\t\t<\/div>\n\t\t\t\t<div class=\"elementor-element elementor-element-a734514 elementor-widget elementor-widget-heading\" data-id=\"a734514\" data-element_type=\"widget\" data-widget_type=\"heading.default\">\n\t\t\t\t<div class=\"elementor-widget-container\">\n\t\t\t<h2 class=\"elementor-heading-title elementor-size-default\">Aram\u0131za Kat\u0131lacak Yeni Meslek Mensuplar\u0131n\u0131 Bekliyoruz<\/h2>\t\t<\/div>\n\t\t\t\t<\/div>\n\t\t\t\t<div class=\"elementor-element elementor-element-d8a9151 elementor-widget__width-auto elementor-widget elementor-widget-button\" data-id=\"d8a9151\" data-element_type=\"widget\" data-widget_type=\"button.default\">\n\t\t\t\t<div class=\"elementor-widget-container\">\n\t\t\t\t\t<div class=\"elementor-button-wrapper\">\n\t\t\t<a href=\"#\" class=\"elementor-button-link elementor-button elementor-size-md\" role=\"button\">\n\t\t\t\t\t\t<span class=\"elementor-button-content-wrapper\">\n\t\t\t\t\t\t\t<span class=\"elementor-button-icon elementor-align-icon-left\">\n\t\t\t\t<i aria-hidden=\"true\" class=\"fas fa-street-view\"><\/i>\t\t\t<\/span>\n\t\t\t\t\t\t<span class=\"elementor-button-text\">Aram\u0131za Kat\u0131l\u0131n<\/span>\n\t\t<\/span>\n\t\t\t\t\t<\/a>\n\t\t<\/div>\n\t\t\t\t<\/div>\n\t\t\t\t<\/div>\n\t\t\t\t<div class=\"elementor-element elementor-element-d8302a7 elementor-widget__width-auto elementor-widget elementor-widget-button\" data-id=\"d8302a7\" data-element_type=\"widget\" data-widget_type=\"button.default\">\n\t\t\t\t<div class=\"elementor-widget-container\">\n\t\t\t\t\t<div class=\"elementor-button-wrapper\">\n\t\t\t<a href=\"http:\/\/www.ormuh.org.tr\" class=\"elementor-button-link elementor-button elementor-size-md\" role=\"button\">\n\t\t\t\t\t\t<span class=\"elementor-button-content-wrapper\">\n\t\t\t\t\t\t\t<span class=\"elementor-button-icon elementor-align-icon-left\">\n\t\t\t\t<i aria-hidden=\"true\" class=\"fas fa-mouse-pointer\"><\/i>\t\t\t<\/span>\n\t\t\t\t\t\t<span class=\"elementor-button-text\">\u0130nternet Sitemiz<\/span>\n\t\t<\/span>\n\t\t\t\t\t<\/a>\n\t\t<\/div>\n\t\t\t\t<\/div>\n\t\t\t\t<\/div>\n\t\t\t\t\t<\/div>\n\t\t<\/div>\n\t\t\t\t\t\t\t<\/div>\n\t\t<\/section>\n\t\t\t\t\t\t\t<\/div>\n\t\t","protected":false},"excerpt":{"rendered":"<p>0 . D\u00f6nem 0 + 100&#8242; \u00fcn \u00fczerinde a\u00e7\u0131k pozisyon 0 Y\u0131l 1954 Y\u0131l\u0131n\u0131ndan Bug\u00fcne Orman M\u00fchendisleri Odas\u0131 1857 y\u0131l\u0131nda, Fransa\u2019dan gelen ormanc\u0131l\u0131k uzmanlar\u0131n\u0131n \u00e7al\u0131\u015fmalar\u0131 sonucunda \u2018\u2019Orman Okulu\u2019\u2019nun a\u00e7\u0131lmas\u0131yla Orman M\u00fchendisli\u011fi mesle\u011fi bir asr\u0131 ge\u00e7en bir ge\u00e7mi\u015fe sahip olmu\u015ftur.1948 y\u0131l\u0131nda \u00f6n s\u0131n\u0131flar\u0131 Ankara\u2019da, son s\u0131n\u0131flar\u0131 \u0130stanbul\u2019da bulunan Orman Fak\u00fcltesi t\u00fcm\u00fc ile \u0130stanbul \u00dcniversitesine ba\u011flanarak, \u0130stanbul [&hellip;]<\/p>\n","protected":false},"author":1,"featured_media":0,"parent":0,"menu_order":0,"comment_status":"closed","ping_status":"closed","template":"","meta":{"inline_featured_image":false},"_links":{"self":[{"href":"https:\/\/kariyer.ormuh.org.tr\/index.php\/wp-json\/wp\/v2\/pages\/40"}],"collection":[{"href":"https:\/\/kariyer.ormuh.org.tr\/index.php\/wp-json\/wp\/v2\/pages"}],"about":[{"href":"https:\/\/kariyer.ormuh.org.tr\/index.php\/wp-json\/wp\/v2\/types\/page"}],"author":[{"embeddable":true,"href":"https:\/\/kariyer.ormuh.org.tr\/index.php\/wp-json\/wp\/v2\/users\/1"}],"replies":[{"embeddable":true,"href":"https:\/\/kariyer.ormuh.org.tr\/index.php\/wp-json\/wp\/v2\/comments?post=40"}],"version-history":[{"count":15,"href":"https:\/\/kariyer.ormuh.org.tr\/index.php\/wp-json\/wp\/v2\/pages\/40\/revisions"}],"predecessor-version":[{"id":7211,"href":"https:\/\/kariyer.ormuh.org.tr\/index.php\/wp-json\/wp\/v2\/pages\/40\/revisions\/7211"}],"wp:attachment":[{"href":"https:\/\/kariyer.ormuh.org.tr\/index.php\/wp-json\/wp\/v2\/media?parent=40"}],"curies":[{"name":"wp","href":"https:\/\/api.w.org\/{rel}","templated":true}]}}