{"id":36,"date":"2021-03-10T09:28:14","date_gmt":"2021-03-10T09:28:14","guid":{"rendered":"https:\/\/www.demoapus-wp1.com\/superio-import2\/?page_id=36"},"modified":"2022-04-11T15:30:26","modified_gmt":"2022-04-11T15:30:26","slug":"ucretlendirme","status":"publish","type":"page","link":"https:\/\/kariyer.ormuh.org.tr\/index.php\/ucretlendirme\/","title":{"rendered":"\u00dccretlendirme"},"content":{"rendered":"\t\t<div data-elementor-type=\"wp-page\" data-elementor-id=\"36\" class=\"elementor elementor-36\">\n\t\t\t\t\t\t\t\t\t<section class=\"elementor-section elementor-top-section elementor-element elementor-element-d23dad2 elementor-section-stretched elementor-section-boxed elementor-section-height-default elementor-section-height-default\" data-id=\"d23dad2\" data-element_type=\"section\" data-settings=\"{&quot;stretch_section&quot;:&quot;section-stretched&quot;}\">\n\t\t\t\t\t\t<div class=\"elementor-container elementor-column-gap-extended\">\n\t\t\t\t\t<div class=\"elementor-column elementor-col-100 elementor-top-column elementor-element elementor-element-2267505\" data-id=\"2267505\" data-element_type=\"column\">\n\t\t\t<div class=\"elementor-widget-wrap elementor-element-populated\">\n\t\t\t\t\t\t\t\t<div class=\"elementor-element elementor-element-d16aed8 elementor-widget elementor-widget-heading\" data-id=\"d16aed8\" data-element_type=\"widget\" data-widget_type=\"heading.default\">\n\t\t\t\t<div class=\"elementor-widget-container\">\n\t\t\t<style>\/*! elementor - v3.7.1 - 14-08-2022 *\/\n.elementor-heading-title{padding:0;margin:0;line-height:1}.elementor-widget-heading .elementor-heading-title[class*=elementor-size-]>a{color:inherit;font-size:inherit;line-height:inherit}.elementor-widget-heading .elementor-heading-title.elementor-size-small{font-size:15px}.elementor-widget-heading .elementor-heading-title.elementor-size-medium{font-size:19px}.elementor-widget-heading .elementor-heading-title.elementor-size-large{font-size:29px}.elementor-widget-heading .elementor-heading-title.elementor-size-xl{font-size:39px}.elementor-widget-heading .elementor-heading-title.elementor-size-xxl{font-size:59px}<\/style><h2 class=\"elementor-heading-title elementor-size-default\">\u0130\u015f \u0130lan\u0131 Verecek Firma Yetkilileri i\u00e7in \u00fcyelik 10 Fidan Ba\u011f\u0131\u015f\u0131<br><br>\u0130\u015f Arayan Meslek Mensuplar\u0131 i\u00e7in  Bedelsizdir.<\/h2>\t\t<\/div>\n\t\t\t\t<\/div>\n\t\t\t\t\t<\/div>\n\t\t<\/div>\n\t\t\t\t\t\t\t<\/div>\n\t\t<\/section>\n\t\t\t\t\t\t\t<\/div>\n\t\t","protected":false},"excerpt":{"rendered":"<p>\u0130\u015f \u0130lan\u0131 Verecek Firma Yetkilileri i\u00e7in \u00fcyelik 10 Fidan Ba\u011f\u0131\u015f\u0131 \u0130\u015f Arayan Meslek Mensuplar\u0131 i\u00e7in Bedelsizdir.<\/p>\n","protected":false},"author":1,"featured_media":0,"parent":0,"menu_order":0,"comment_status":"closed","ping_status":"closed","template":"","meta":{"inline_featured_image":false},"_links":{"self":[{"href":"https:\/\/kariyer.ormuh.org.tr\/index.php\/wp-json\/wp\/v2\/pages\/36"}],"collection":[{"href":"https:\/\/kariyer.ormuh.org.tr\/index.php\/wp-json\/wp\/v2\/pages"}],"about":[{"href":"https:\/\/kariyer.ormuh.org.tr\/index.php\/wp-json\/wp\/v2\/types\/page"}],"author":[{"embeddable":true,"href":"https:\/\/kariyer.ormuh.org.tr\/index.php\/wp-json\/wp\/v2\/users\/1"}],"replies":[{"embeddable":true,"href":"https:\/\/kariyer.ormuh.org.tr\/index.php\/wp-json\/wp\/v2\/comments?post=36"}],"version-history":[{"count":4,"href":"https:\/\/kariyer.ormuh.org.tr\/index.php\/wp-json\/wp\/v2\/pages\/36\/revisions"}],"predecessor-version":[{"id":7081,"href":"https:\/\/kariyer.ormuh.org.tr\/index.php\/wp-json\/wp\/v2\/pages\/36\/revisions\/7081"}],"wp:attachment":[{"href":"https:\/\/kariyer.ormuh.org.tr\/index.php\/wp-json\/wp\/v2\/media?parent=36"}],"curies":[{"name":"wp","href":"https:\/\/api.w.org\/{rel}","templated":true}]}}