{"id":1694,"date":"2021-04-07T01:55:50","date_gmt":"2021-04-07T01:55:50","guid":{"rendered":"https:\/\/www.demoapus-wp1.com\/superio-import2\/?page_id=1694"},"modified":"2022-04-13T01:12:41","modified_gmt":"2022-04-13T01:12:41","slug":"submit-job","status":"publish","type":"page","link":"https:\/\/kariyer.ormuh.org.tr\/index.php\/submit-job\/","title":{"rendered":"\u0130\u015f \u0130lan\u0131 Ekle"},"content":{"rendered":"<div class=\"box-dashboard-wrapper\">\n\t<div class=\"alert alert-warning not-allow-wrapper\">\n\t\t<p class=\"account-sign-in\">Bu sayfay\u0131 g\u00f6r\u00fcnt\u00fclemek i\u00e7in giri\u015f yapmal\u0131s\u0131n\u0131z. <a class=\"button\" href=\"https:\/\/kariyer.ormuh.org.tr\/index.php\/login-register\/\">Giri\u015f Yap<\/a><\/p>\n\t<\/div>\n<\/div>\n","protected":false},"excerpt":{"rendered":"","protected":false},"author":1,"featured_media":0,"parent":0,"menu_order":0,"comment_status":"closed","ping_status":"closed","template":"page-dashboard.php","meta":{"inline_featured_image":false},"_links":{"self":[{"href":"https:\/\/kariyer.ormuh.org.tr\/index.php\/wp-json\/wp\/v2\/pages\/1694"}],"collection":[{"href":"https:\/\/kariyer.ormuh.org.tr\/index.php\/wp-json\/wp\/v2\/pages"}],"about":[{"href":"https:\/\/kariyer.ormuh.org.tr\/index.php\/wp-json\/wp\/v2\/types\/page"}],"author":[{"embeddable":true,"href":"https:\/\/kariyer.ormuh.org.tr\/index.php\/wp-json\/wp\/v2\/users\/1"}],"replies":[{"embeddable":true,"href":"https:\/\/kariyer.ormuh.org.tr\/index.php\/wp-json\/wp\/v2\/comments?post=1694"}],"version-history":[{"count":2,"href":"https:\/\/kariyer.ormuh.org.tr\/index.php\/wp-json\/wp\/v2\/pages\/1694\/revisions"}],"predecessor-version":[{"id":7113,"href":"https:\/\/kariyer.ormuh.org.tr\/index.php\/wp-json\/wp\/v2\/pages\/1694\/revisions\/7113"}],"wp:attachment":[{"href":"https:\/\/kariyer.ormuh.org.tr\/index.php\/wp-json\/wp\/v2\/media?parent=1694"}],"curies":[{"name":"wp","href":"https:\/\/api.w.org\/{rel}","templated":true}]}}