{"id":1155,"date":"2021-04-01T09:50:32","date_gmt":"2021-04-01T09:50:32","guid":{"rendered":"https:\/\/www.demoapus-wp1.com\/superio-import2\/?page_id=1155"},"modified":"2022-06-17T01:56:21","modified_gmt":"2022-06-17T01:56:21","slug":"candidates","status":"publish","type":"page","link":"http:\/\/kariyer.ormuh.org.tr\/index.php\/candidates\/","title":{"rendered":"\u00dcyeler"},"content":{"rendered":"<div class=\"candidates-listing-wrapper main-items-wrapper layout-type-list\" data-display_mode=\"list\">\n\t<div class=\"jobs-alert-ordering-wrapper\">\n<div class=\"results-count\">\n\tShowing <span class=\"first\">1<\/span> &ndash; <span class=\"last\">9<\/span> of 123 results<\/div><div class=\"jobs-ordering-wrapper\">\n\t<form class=\"jobs-ordering\" method=\"get\" action=\"http:\/\/kariyer.ormuh.org.tr\/index.php\/candidates\/\">\n\t\t<select name=\"filter-orderby\" class=\"orderby\">\n\t\t\t\t\t\t\t<option value=\"menu_order\"  selected='selected'>S\u0131ralama (Varsa\u0131lan)<\/option>\n\t\t\t\t\t\t\t<option value=\"newest\" >En yeni<\/option>\n\t\t\t\t\t\t\t<option value=\"oldest\" >En Eski<\/option>\n\t\t\t\t\t\t\t<option value=\"random\" >Rastgele<\/option>\n\t\t\t\t\t<\/select>\n\t\t<input type=\"hidden\" name=\"paged\" value=\"1\" \/>\n\t\t\t<\/form>\n<\/div>\n    <form method=\"get\" action=\"http:\/\/kariyer.ormuh.org.tr\/index.php\/candidates\/\" class=\"form-superio-ppp\">\r\n        \r\n    \t<select name=\"candidates_ppp\" onchange=\"this.form.submit()\">\r\n                            <option value=\"9\"  selected='selected'>\r\n                \t9 Per Page                <\/option>\r\n                            <option value=\"18\" >\r\n                \t18 Per Page                <\/option>\r\n                            <option value=\"36\" >\r\n                \t36 Per Page                <\/option>\r\n                            <option value=\"72\" >\r\n                \t72 Per Page                <\/option>\r\n                            <option value=\"-1\" >\r\n                \tT\u00fcm\u00fc                <\/option>\r\n                    <\/select>\r\n\r\n        <input type=\"hidden\" name=\"paged\" value=\"1\" \/>\r\n\t\t    <\/form>\r\n    <\/div>\n\t\n\t\t<div class=\"candidates-wrapper items-wrapper\">\n\t\t\t\t\t\t\t<div class=\"row\">\n\t\t\t\t\t\t\t\t\t\t\t<div class=\"col-xs-12\">\n\t\t\t\t\t\t\t\n\n<article id=\"post-12885\" class=\"map-item candidate-card post-12885 candidate type-candidate status-publish hentry\" data-latitude=\"\" data-longitude=\"\" data-img=\"\">\n    <div class=\"candidate-list v1 candidate-archive-layout\">\n        <a title=\"Shortlist\" href=\"javascript:void(0);\" class=\"btn-action-job btn-add-candidate-shortlist btn-follow\" data-candidate_id=\"12885\" data-nonce=\"3103fc0d6c\"><i class=\"flaticon-bookmark\"><\/i><\/a>        <div class=\"candidate-info\">\n            <div class=\"flex-middle\">\n                    <div class=\"candidate-logo\">\r\n                    <a href=\"http:\/\/kariyer.ormuh.org.tr\/index.php\/candidate\/selim-sahin\/\">\r\n                                            <img src=\"http:\/\/kariyer.ormuh.org.tr\/phoagher\/images\/placeholder.png\" alt=\"Selim \u015eAH\u0130N\">\r\n                                    <\/a>\r\n            <\/div>\r\n                    <div class=\"candidate-info-content\">\n                    <div class=\"title-wrapper\">\n                        <h2 class=\"candidate-title\"><a href=\"http:\/\/kariyer.ormuh.org.tr\/index.php\/candidate\/selim-sahin\/\" rel=\"bookmark\">Selim \u015eAH\u0130N<\/a><\/h2>                                            <\/div>\n                    <div class=\"job-metas\">\n                                                                                            <\/div>\n                                    <\/div>\n            <\/div>\n        <\/div>\n    <\/div>\n<\/article>\n\t\t\t\t\t\t<\/div>\n\t\t\t\t\t\t\t\t\t\t\t<div class=\"col-xs-12\">\n\t\t\t\t\t\t\t\n\n<article id=\"post-10768\" class=\"map-item candidate-card post-10768 candidate type-candidate status-publish hentry\" data-latitude=\"\" data-longitude=\"\" data-img=\"\">\n    <div class=\"candidate-list v1 candidate-archive-layout\">\n        <a title=\"Shortlist\" href=\"javascript:void(0);\" class=\"btn-action-job btn-add-candidate-shortlist btn-follow\" data-candidate_id=\"10768\" data-nonce=\"3103fc0d6c\"><i class=\"flaticon-bookmark\"><\/i><\/a>        <div class=\"candidate-info\">\n            <div class=\"flex-middle\">\n                    <div class=\"candidate-logo\">\r\n                    <a href=\"http:\/\/kariyer.ormuh.org.tr\/index.php\/candidate\/damla-tabak\/\">\r\n                                            <img src=\"http:\/\/kariyer.ormuh.org.tr\/phoagher\/images\/placeholder.png\" alt=\"Damla TABAK\">\r\n                                    <\/a>\r\n            <\/div>\r\n                    <div class=\"candidate-info-content\">\n                    <div class=\"title-wrapper\">\n                        <h2 class=\"candidate-title\"><a href=\"http:\/\/kariyer.ormuh.org.tr\/index.php\/candidate\/damla-tabak\/\" rel=\"bookmark\">Damla TABAK<\/a><\/h2>                                            <\/div>\n                    <div class=\"job-metas\">\n                                                                                            <\/div>\n                                    <\/div>\n            <\/div>\n        <\/div>\n    <\/div>\n<\/article>\n\t\t\t\t\t\t<\/div>\n\t\t\t\t\t\t\t\t\t\t\t<div class=\"col-xs-12\">\n\t\t\t\t\t\t\t\n\n<article id=\"post-10763\" class=\"map-item candidate-card post-10763 candidate type-candidate status-publish hentry\" data-latitude=\"\" data-longitude=\"\" data-img=\"\">\n    <div class=\"candidate-list v1 candidate-archive-layout\">\n        <a title=\"Shortlist\" href=\"javascript:void(0);\" class=\"btn-action-job btn-add-candidate-shortlist btn-follow\" data-candidate_id=\"10763\" data-nonce=\"3103fc0d6c\"><i class=\"flaticon-bookmark\"><\/i><\/a>        <div class=\"candidate-info\">\n            <div class=\"flex-middle\">\n                    <div class=\"candidate-logo\">\r\n                    <a href=\"http:\/\/kariyer.ormuh.org.tr\/index.php\/candidate\/mehmet-cekic\/\">\r\n                                            <img src=\"http:\/\/kariyer.ormuh.org.tr\/phoagher\/images\/placeholder.png\" alt=\"mehmet cekic\">\r\n                                    <\/a>\r\n            <\/div>\r\n                    <div class=\"candidate-info-content\">\n                    <div class=\"title-wrapper\">\n                        <h2 class=\"candidate-title\"><a href=\"http:\/\/kariyer.ormuh.org.tr\/index.php\/candidate\/mehmet-cekic\/\" rel=\"bookmark\">mehmet cekic<\/a><\/h2>                                            <\/div>\n                    <div class=\"job-metas\">\n                                                                                            <\/div>\n                                    <\/div>\n            <\/div>\n        <\/div>\n    <\/div>\n<\/article>\n\t\t\t\t\t\t<\/div>\n\t\t\t\t\t\t\t\t\t\t\t<div class=\"col-xs-12\">\n\t\t\t\t\t\t\t\n\n<article id=\"post-10668\" class=\"map-item candidate-card post-10668 candidate type-candidate status-publish hentry\" data-latitude=\"\" data-longitude=\"\" data-img=\"\">\n    <div class=\"candidate-list v1 candidate-archive-layout\">\n        <a title=\"Shortlist\" href=\"javascript:void(0);\" class=\"btn-action-job btn-add-candidate-shortlist btn-follow\" data-candidate_id=\"10668\" data-nonce=\"3103fc0d6c\"><i class=\"flaticon-bookmark\"><\/i><\/a>        <div class=\"candidate-info\">\n            <div class=\"flex-middle\">\n                    <div class=\"candidate-logo\">\r\n                    <a href=\"http:\/\/kariyer.ormuh.org.tr\/index.php\/candidate\/yasin-filiz\/\">\r\n                                            <img src=\"http:\/\/kariyer.ormuh.org.tr\/phoagher\/images\/placeholder.png\" alt=\"YAS\u0130N F\u0130L\u0130Z\">\r\n                                    <\/a>\r\n            <\/div>\r\n                    <div class=\"candidate-info-content\">\n                    <div class=\"title-wrapper\">\n                        <h2 class=\"candidate-title\"><a href=\"http:\/\/kariyer.ormuh.org.tr\/index.php\/candidate\/yasin-filiz\/\" rel=\"bookmark\">YAS\u0130N F\u0130L\u0130Z<\/a><\/h2>                                            <\/div>\n                    <div class=\"job-metas\">\n                                                                                            <\/div>\n                                    <\/div>\n            <\/div>\n        <\/div>\n    <\/div>\n<\/article>\n\t\t\t\t\t\t<\/div>\n\t\t\t\t\t\t\t\t\t\t\t<div class=\"col-xs-12\">\n\t\t\t\t\t\t\t\n\n<article id=\"post-10617\" class=\"map-item candidate-card post-10617 candidate type-candidate status-publish hentry\" data-latitude=\"\" data-longitude=\"\" data-img=\"\">\n    <div class=\"candidate-list v1 candidate-archive-layout\">\n        <a title=\"Shortlist\" href=\"javascript:void(0);\" class=\"btn-action-job btn-add-candidate-shortlist btn-follow\" data-candidate_id=\"10617\" data-nonce=\"3103fc0d6c\"><i class=\"flaticon-bookmark\"><\/i><\/a>        <div class=\"candidate-info\">\n            <div class=\"flex-middle\">\n                    <div class=\"candidate-logo\">\r\n                    <a href=\"http:\/\/kariyer.ormuh.org.tr\/index.php\/candidate\/nazlican-bayraktar\/\">\r\n                                            <img src=\"http:\/\/kariyer.ormuh.org.tr\/phoagher\/images\/placeholder.png\" alt=\"NAZLICAN BAYRAKTAR\">\r\n                                    <\/a>\r\n            <\/div>\r\n                    <div class=\"candidate-info-content\">\n                    <div class=\"title-wrapper\">\n                        <h2 class=\"candidate-title\"><a href=\"http:\/\/kariyer.ormuh.org.tr\/index.php\/candidate\/nazlican-bayraktar\/\" rel=\"bookmark\">NAZLICAN BAYRAKTAR<\/a><\/h2>                                            <\/div>\n                    <div class=\"job-metas\">\n                                                                                            <\/div>\n                                    <\/div>\n            <\/div>\n        <\/div>\n    <\/div>\n<\/article>\n\t\t\t\t\t\t<\/div>\n\t\t\t\t\t\t\t\t\t\t\t<div class=\"col-xs-12\">\n\t\t\t\t\t\t\t\n\n<article id=\"post-10535\" class=\"map-item candidate-card post-10535 candidate type-candidate status-publish hentry\" data-latitude=\"\" data-longitude=\"\" data-img=\"\">\n    <div class=\"candidate-list v1 candidate-archive-layout\">\n        <a title=\"Shortlist\" href=\"javascript:void(0);\" class=\"btn-action-job btn-add-candidate-shortlist btn-follow\" data-candidate_id=\"10535\" data-nonce=\"3103fc0d6c\"><i class=\"flaticon-bookmark\"><\/i><\/a>        <div class=\"candidate-info\">\n            <div class=\"flex-middle\">\n                    <div class=\"candidate-logo\">\r\n                    <a href=\"http:\/\/kariyer.ormuh.org.tr\/index.php\/candidate\/bakht-munir\/\">\r\n                                            <img src=\"http:\/\/kariyer.ormuh.org.tr\/phoagher\/images\/placeholder.png\" alt=\"bakht munir\">\r\n                                    <\/a>\r\n            <\/div>\r\n                    <div class=\"candidate-info-content\">\n                    <div class=\"title-wrapper\">\n                        <h2 class=\"candidate-title\"><a href=\"http:\/\/kariyer.ormuh.org.tr\/index.php\/candidate\/bakht-munir\/\" rel=\"bookmark\">bakht munir<\/a><\/h2>                                            <\/div>\n                    <div class=\"job-metas\">\n                                                                                            <\/div>\n                                    <\/div>\n            <\/div>\n        <\/div>\n    <\/div>\n<\/article>\n\t\t\t\t\t\t<\/div>\n\t\t\t\t\t\t\t\t\t\t\t<div class=\"col-xs-12\">\n\t\t\t\t\t\t\t\n\n<article id=\"post-10506\" class=\"map-item candidate-card post-10506 candidate type-candidate status-publish hentry\" data-latitude=\"\" data-longitude=\"\" data-img=\"\">\n    <div class=\"candidate-list v1 candidate-archive-layout\">\n        <a title=\"Shortlist\" href=\"javascript:void(0);\" class=\"btn-action-job btn-add-candidate-shortlist btn-follow\" data-candidate_id=\"10506\" data-nonce=\"3103fc0d6c\"><i class=\"flaticon-bookmark\"><\/i><\/a>        <div class=\"candidate-info\">\n            <div class=\"flex-middle\">\n                    <div class=\"candidate-logo\">\r\n                    <a href=\"http:\/\/kariyer.ormuh.org.tr\/index.php\/candidate\/sero1999201\/\">\r\n                                            <img src=\"http:\/\/kariyer.ormuh.org.tr\/phoagher\/images\/placeholder.png\" alt=\"sero1999201\">\r\n                                    <\/a>\r\n            <\/div>\r\n                    <div class=\"candidate-info-content\">\n                    <div class=\"title-wrapper\">\n                        <h2 class=\"candidate-title\"><a href=\"http:\/\/kariyer.ormuh.org.tr\/index.php\/candidate\/sero1999201\/\" rel=\"bookmark\">sero1999201<\/a><\/h2>                                            <\/div>\n                    <div class=\"job-metas\">\n                                                                                            <\/div>\n                                    <\/div>\n            <\/div>\n        <\/div>\n    <\/div>\n<\/article>\n\t\t\t\t\t\t<\/div>\n\t\t\t\t\t\t\t\t\t\t\t<div class=\"col-xs-12\">\n\t\t\t\t\t\t\t\n\n<article id=\"post-10505\" class=\"map-item candidate-card post-10505 candidate type-candidate status-publish hentry\" data-latitude=\"\" data-longitude=\"\" data-img=\"\">\n    <div class=\"candidate-list v1 candidate-archive-layout\">\n        <a title=\"Shortlist\" href=\"javascript:void(0);\" class=\"btn-action-job btn-add-candidate-shortlist btn-follow\" data-candidate_id=\"10505\" data-nonce=\"3103fc0d6c\"><i class=\"flaticon-bookmark\"><\/i><\/a>        <div class=\"candidate-info\">\n            <div class=\"flex-middle\">\n                    <div class=\"candidate-logo\">\r\n                    <a href=\"http:\/\/kariyer.ormuh.org.tr\/index.php\/candidate\/cagla-colak-2\/\">\r\n                                            <img src=\"http:\/\/kariyer.ormuh.org.tr\/phoagher\/images\/placeholder.png\" alt=\"\u00e7a\u011fla \u00e7olak\">\r\n                                    <\/a>\r\n            <\/div>\r\n                    <div class=\"candidate-info-content\">\n                    <div class=\"title-wrapper\">\n                        <h2 class=\"candidate-title\"><a href=\"http:\/\/kariyer.ormuh.org.tr\/index.php\/candidate\/cagla-colak-2\/\" rel=\"bookmark\">\u00e7a\u011fla \u00e7olak<\/a><\/h2>                                            <\/div>\n                    <div class=\"job-metas\">\n                                                                                            <\/div>\n                                    <\/div>\n            <\/div>\n        <\/div>\n    <\/div>\n<\/article>\n\t\t\t\t\t\t<\/div>\n\t\t\t\t\t\t\t\t\t\t\t<div class=\"col-xs-12\">\n\t\t\t\t\t\t\t\n\n<article id=\"post-10504\" class=\"map-item candidate-card post-10504 candidate type-candidate status-publish hentry\" data-latitude=\"\" data-longitude=\"\" data-img=\"\">\n    <div class=\"candidate-list v1 candidate-archive-layout\">\n        <a title=\"Shortlist\" href=\"javascript:void(0);\" class=\"btn-action-job btn-add-candidate-shortlist btn-follow\" data-candidate_id=\"10504\" data-nonce=\"3103fc0d6c\"><i class=\"flaticon-bookmark\"><\/i><\/a>        <div class=\"candidate-info\">\n            <div class=\"flex-middle\">\n                    <div class=\"candidate-logo\">\r\n                    <a href=\"http:\/\/kariyer.ormuh.org.tr\/index.php\/candidate\/cagla-colak\/\">\r\n                                            <img src=\"http:\/\/kariyer.ormuh.org.tr\/phoagher\/images\/placeholder.png\" alt=\"\u00e7a\u011fla \u00e7olak\">\r\n                                    <\/a>\r\n            <\/div>\r\n                    <div class=\"candidate-info-content\">\n                    <div class=\"title-wrapper\">\n                        <h2 class=\"candidate-title\"><a href=\"http:\/\/kariyer.ormuh.org.tr\/index.php\/candidate\/cagla-colak\/\" rel=\"bookmark\">\u00e7a\u011fla \u00e7olak<\/a><\/h2>                                            <\/div>\n                    <div class=\"job-metas\">\n                                                                                            <\/div>\n                                    <\/div>\n            <\/div>\n        <\/div>\n    <\/div>\n<\/article>\n\t\t\t\t\t\t<\/div>\n\t\t\t\t\t\t\t\t\t<\/div>\n\t\t\t\t\t<\/div>\n\n\t\t\n\t\n\t<\/div><div class=\"candidates-pagination-wrapper main-pagination-wrapper\">\n\t<ul class=\"pagination \"><li><span class=\"page-numbers current\">1<\/span><\/li><li><a class=\"page-numbers\" href=\"http:\/\/kariyer.ormuh.org.tr\/index.php\/wp-json\/wp\/v2\/pages\/1155\/page\/2\/\">2<\/a><\/li><li><a class=\"page-numbers\" href=\"http:\/\/kariyer.ormuh.org.tr\/index.php\/wp-json\/wp\/v2\/pages\/1155\/page\/3\/\">3<\/a><\/li><li><span class=\"page-numbers dots\">&hellip;<\/span><\/li><li><a class=\"page-numbers\" href=\"http:\/\/kariyer.ormuh.org.tr\/index.php\/wp-json\/wp\/v2\/pages\/1155\/page\/14\/\">14<\/a><\/li><li><a class=\"next page-numbers\" href=\"http:\/\/kariyer.ormuh.org.tr\/index.php\/wp-json\/wp\/v2\/pages\/1155\/page\/2\/\"><i class=\"ti-arrow-right\"><\/i><\/a><\/li><\/ul><\/div>\n\n","protected":false},"excerpt":{"rendered":"","protected":false},"author":1,"featured_media":0,"parent":0,"menu_order":0,"comment_status":"closed","ping_status":"closed","template":"page-candidates.php","meta":{"inline_featured_image":false},"_links":{"self":[{"href":"http:\/\/kariyer.ormuh.org.tr\/index.php\/wp-json\/wp\/v2\/pages\/1155"}],"collection":[{"href":"http:\/\/kariyer.ormuh.org.tr\/index.php\/wp-json\/wp\/v2\/pages"}],"about":[{"href":"http:\/\/kariyer.ormuh.org.tr\/index.php\/wp-json\/wp\/v2\/types\/page"}],"author":[{"embeddable":true,"href":"http:\/\/kariyer.ormuh.org.tr\/index.php\/wp-json\/wp\/v2\/users\/1"}],"replies":[{"embeddable":true,"href":"http:\/\/kariyer.ormuh.org.tr\/index.php\/wp-json\/wp\/v2\/comments?post=1155"}],"version-history":[{"count":2,"href":"http:\/\/kariyer.ormuh.org.tr\/index.php\/wp-json\/wp\/v2\/pages\/1155\/revisions"}],"predecessor-version":[{"id":7271,"href":"http:\/\/kariyer.ormuh.org.tr\/index.php\/wp-json\/wp\/v2\/pages\/1155\/revisions\/7271"}],"wp:attachment":[{"href":"http:\/\/kariyer.ormuh.org.tr\/index.php\/wp-json\/wp\/v2\/media?parent=1155"}],"curies":[{"name":"wp","href":"https:\/\/api.w.org\/{rel}","templated":true}]}}